{"id":106,"date":"2020-12-11T13:08:02","date_gmt":"2020-12-11T13:08:02","guid":{"rendered":"https:\/\/wordpress-722045-2402992.cloudwaysapps.com\/?page_id=8"},"modified":"2025-03-13T12:31:21","modified_gmt":"2025-03-13T12:31:21","slug":"blog","status":"publish","type":"page","link":"https:\/\/mojezakopane.com\/en\/blog\/","title":{"rendered":"Blog orgina\u0142"},"content":{"rendered":"<div data-elementor-type=\"wp-page\" data-elementor-id=\"106\" class=\"elementor elementor-106\" data-elementor-post-type=\"page\">\n\t\t\t\t<div class=\"elementor-element elementor-element-0277ffc e-flex e-con-boxed e-con e-parent\" data-id=\"0277ffc\" data-element_type=\"container\" data-e-type=\"container\">\n\t\t\t\t\t<div class=\"e-con-inner\">\n\t\t\t\t<div class=\"elementor-element elementor-element-11d8208 elementor-widget-divider--view-line elementor-widget elementor-widget-divider\" data-id=\"11d8208\" data-element_type=\"widget\" data-e-type=\"widget\" data-widget_type=\"divider.default\">\n\t\t\t\t\t\t\t<div class=\"elementor-divider\">\n\t\t\t<span class=\"elementor-divider-separator\">\n\t\t\t\t\t\t<\/span>\n\t\t<\/div>\n\t\t\t\t\t\t<\/div>\n\t\t\t\t\t<\/div>\n\t\t\t\t<\/div>\n\t\t<div class=\"elementor-element elementor-element-653200d e-flex e-con-boxed e-con e-parent\" data-id=\"653200d\" data-element_type=\"container\" data-e-type=\"container\">\n\t\t\t\t\t<div class=\"e-con-inner\">\n\t\t\t\t<div class=\"elementor-element elementor-element-de83d82 elementor-widget elementor-widget-listeo-posts-grid\" data-id=\"de83d82\" data-element_type=\"widget\" data-e-type=\"widget\" data-widget_type=\"listeo-posts-grid.default\">\n\t\t\t\t<div class=\"elementor-widget-container\">\n\t\t\t\t\t\t\t\n\t\t<div class=\"listeo-post-grid-wrapper\">\n\t\t\t<div class=\"row\">\n\n\t\t\t\n\n\t\t\t\t\t\t\t<div class=\"col-md-4\">\n                <a href=\"https:\/\/mojezakopane.com\/en\/termy-bania-kompleksowy-przewodnik-po-perle-bialki-tatrzanskiej\/\" class=\"blog-compact-item-container\">\n                    <div class=\"blog-compact-item\">\n                        <img fetchpriority=\"high\" decoding=\"async\" width=\"577\" height=\"385\" src=\"https:\/\/mojezakopane.com\/wp-content\/uploads\/2025\/05\/98f0a97212be4c8d85631c5703a81efd_1065x710-577x385.jpeg\" class=\"attachment-listeo-blog-related-post size-listeo-blog-related-post wp-post-image\" alt=\"\" srcset=\"https:\/\/mojezakopane.com\/wp-content\/uploads\/2025\/05\/98f0a97212be4c8d85631c5703a81efd_1065x710-577x385.jpeg 577w, https:\/\/mojezakopane.com\/wp-content\/uploads\/2025\/05\/98f0a97212be4c8d85631c5703a81efd_1065x710-300x200.jpeg 300w, https:\/\/mojezakopane.com\/wp-content\/uploads\/2025\/05\/98f0a97212be4c8d85631c5703a81efd_1065x710-1024x683.jpeg 1024w, https:\/\/mojezakopane.com\/wp-content\/uploads\/2025\/05\/98f0a97212be4c8d85631c5703a81efd_1065x710-768x512.jpeg 768w, https:\/\/mojezakopane.com\/wp-content\/uploads\/2025\/05\/98f0a97212be4c8d85631c5703a81efd_1065x710-18x12.jpeg 18w, https:\/\/mojezakopane.com\/wp-content\/uploads\/2025\/05\/98f0a97212be4c8d85631c5703a81efd_1065x710-590x393.jpeg 590w, https:\/\/mojezakopane.com\/wp-content\/uploads\/2025\/05\/98f0a97212be4c8d85631c5703a81efd_1065x710-1005x670.jpeg 1005w, https:\/\/mojezakopane.com\/wp-content\/uploads\/2025\/05\/98f0a97212be4c8d85631c5703a81efd_1065x710-600x400.jpeg 600w, https:\/\/mojezakopane.com\/wp-content\/uploads\/2025\/05\/98f0a97212be4c8d85631c5703a81efd_1065x710.jpeg 1065w\" sizes=\"(max-width: 577px) 100vw, 577px\" \/><span class=\"blog-item-tag\">Buried Through the Lens<\/span>                        \n                        <div class=\"blog-compact-item-content\">\n                                                        <h3>Termy Bania \u2013 A comprehensive guide to the pearl of Bia\u0142ka Tatrza\u0144ska<\/h3>\n                                                        <p>Odkryj Termy Bania w Bia\u0142ce Tatrza\u0144skiej \u2013 nowoczesny kompleks termalny w sercu Tatr, idealny dla...                            <\/p>\n                                                    <\/div>\n                    <\/div>\n                <\/a>\n            <\/div>\n\t\t\t<div class=\"col-md-4\">\n                <a href=\"https:\/\/mojezakopane.com\/en\/zamek-niedzica-sekrety-inkaskiego-skarbu-i-najlepsze-atrakcje\/\" class=\"blog-compact-item-container\">\n                    <div class=\"blog-compact-item\">\n                        <img decoding=\"async\" width=\"577\" height=\"325\" src=\"https:\/\/mojezakopane.com\/wp-content\/uploads\/2025\/04\/DJI_0331-e1502464068379-577x325.jpg\" class=\"attachment-listeo-blog-related-post size-listeo-blog-related-post wp-post-image\" alt=\"\" srcset=\"https:\/\/mojezakopane.com\/wp-content\/uploads\/2025\/04\/DJI_0331-e1502464068379-577x325.jpg 577w, https:\/\/mojezakopane.com\/wp-content\/uploads\/2025\/04\/DJI_0331-e1502464068379-300x169.jpg 300w, https:\/\/mojezakopane.com\/wp-content\/uploads\/2025\/04\/DJI_0331-e1502464068379-1024x576.jpg 1024w, https:\/\/mojezakopane.com\/wp-content\/uploads\/2025\/04\/DJI_0331-e1502464068379-768x432.jpg 768w, https:\/\/mojezakopane.com\/wp-content\/uploads\/2025\/04\/DJI_0331-e1502464068379-18x10.jpg 18w, https:\/\/mojezakopane.com\/wp-content\/uploads\/2025\/04\/DJI_0331-e1502464068379-590x332.jpg 590w, https:\/\/mojezakopane.com\/wp-content\/uploads\/2025\/04\/DJI_0331-e1502464068379-1190x670.jpg 1190w, https:\/\/mojezakopane.com\/wp-content\/uploads\/2025\/04\/DJI_0331-e1502464068379-1200x675.jpg 1200w, https:\/\/mojezakopane.com\/wp-content\/uploads\/2025\/04\/DJI_0331-e1502464068379-600x338.jpg 600w, https:\/\/mojezakopane.com\/wp-content\/uploads\/2025\/04\/DJI_0331-e1502464068379.jpg 1400w\" sizes=\"(max-width: 577px) 100vw, 577px\" \/><span class=\"blog-item-tag\">Zakopane&#039;s history and traditions<\/span>                        \n                        <div class=\"blog-compact-item-content\">\n                                                        <h3>Niedzica Castle \u2013 Secrets of the Inca Treasure and Top Attractions<\/h3>\n                                                        <p>Discover Dunajec Castle in Niedzica \u2013 the medieval pearl of Podhale with a fascinating history, legends and breathtaking...                            <\/p>\n                                                    <\/div>\n                    <\/div>\n                <\/a>\n            <\/div>\n\t\t\t<div class=\"col-md-4\">\n                <a href=\"https:\/\/mojezakopane.com\/en\/morskie-oko-klejnot-tatr-ktory-musisz-zobaczyc\/\" class=\"blog-compact-item-container\">\n                    <div class=\"blog-compact-item\">\n                        <img decoding=\"async\" width=\"577\" height=\"374\" src=\"https:\/\/mojezakopane.com\/wp-content\/uploads\/2025\/04\/morskie-oko-lato-panorama-w2-pom-1-577x374.jpg\" class=\"attachment-listeo-blog-related-post size-listeo-blog-related-post wp-post-image\" alt=\"\" srcset=\"https:\/\/mojezakopane.com\/wp-content\/uploads\/2025\/04\/morskie-oko-lato-panorama-w2-pom-1-577x374.jpg 577w, https:\/\/mojezakopane.com\/wp-content\/uploads\/2025\/04\/morskie-oko-lato-panorama-w2-pom-1-300x194.jpg 300w, https:\/\/mojezakopane.com\/wp-content\/uploads\/2025\/04\/morskie-oko-lato-panorama-w2-pom-1-1024x663.jpg 1024w, https:\/\/mojezakopane.com\/wp-content\/uploads\/2025\/04\/morskie-oko-lato-panorama-w2-pom-1-768x497.jpg 768w, https:\/\/mojezakopane.com\/wp-content\/uploads\/2025\/04\/morskie-oko-lato-panorama-w2-pom-1-18x12.jpg 18w, https:\/\/mojezakopane.com\/wp-content\/uploads\/2025\/04\/morskie-oko-lato-panorama-w2-pom-1-590x382.jpg 590w, https:\/\/mojezakopane.com\/wp-content\/uploads\/2025\/04\/morskie-oko-lato-panorama-w2-pom-1-1035x670.jpg 1035w, https:\/\/mojezakopane.com\/wp-content\/uploads\/2025\/04\/morskie-oko-lato-panorama-w2-pom-1-1200x777.jpg 1200w, https:\/\/mojezakopane.com\/wp-content\/uploads\/2025\/04\/morskie-oko-lato-panorama-w2-pom-1-600x389.jpg 600w, https:\/\/mojezakopane.com\/wp-content\/uploads\/2025\/04\/morskie-oko-lato-panorama-w2-pom-1.jpg 1518w\" sizes=\"(max-width: 577px) 100vw, 577px\" \/><span class=\"blog-item-tag\">Zakopane in summer and winter<\/span>                        \n                        <div class=\"blog-compact-item-content\">\n                                                        <h3>Morskie Oko \u2013 a Tatra Mountains gem you must see<\/h3>\n                                                        <p>Discover Morskie Oko, a magical lake in the Tatras, popular with tourists. Discover its beauty, rich history...                            <\/p>\n                                                    <\/div>\n                    <\/div>\n                <\/a>\n            <\/div>\n\t\t\t<div class=\"col-md-4\">\n                <a href=\"https:\/\/mojezakopane.com\/en\/goralskie-kultywatory-fascynujace-aspekty-kultury-i-tradycji-zakopanego-i-podhala\/\" class=\"blog-compact-item-container\">\n                    <div class=\"blog-compact-item\">\n                        <img loading=\"lazy\" decoding=\"async\" width=\"577\" height=\"325\" src=\"https:\/\/mojezakopane.com\/wp-content\/uploads\/2025\/04\/3d9366fca891bc8697c99c30d872c3fd-577x325.jpeg\" class=\"attachment-listeo-blog-related-post size-listeo-blog-related-post wp-post-image\" alt=\"\" srcset=\"https:\/\/mojezakopane.com\/wp-content\/uploads\/2025\/04\/3d9366fca891bc8697c99c30d872c3fd-577x325.jpeg 577w, https:\/\/mojezakopane.com\/wp-content\/uploads\/2025\/04\/3d9366fca891bc8697c99c30d872c3fd-300x169.jpeg 300w, https:\/\/mojezakopane.com\/wp-content\/uploads\/2025\/04\/3d9366fca891bc8697c99c30d872c3fd-1024x576.jpeg 1024w, https:\/\/mojezakopane.com\/wp-content\/uploads\/2025\/04\/3d9366fca891bc8697c99c30d872c3fd-768x432.jpeg 768w, https:\/\/mojezakopane.com\/wp-content\/uploads\/2025\/04\/3d9366fca891bc8697c99c30d872c3fd-1536x864.jpeg 1536w, https:\/\/mojezakopane.com\/wp-content\/uploads\/2025\/04\/3d9366fca891bc8697c99c30d872c3fd-18x10.jpeg 18w, https:\/\/mojezakopane.com\/wp-content\/uploads\/2025\/04\/3d9366fca891bc8697c99c30d872c3fd-590x332.jpeg 590w, https:\/\/mojezakopane.com\/wp-content\/uploads\/2025\/04\/3d9366fca891bc8697c99c30d872c3fd-1191x670.jpeg 1191w, https:\/\/mojezakopane.com\/wp-content\/uploads\/2025\/04\/3d9366fca891bc8697c99c30d872c3fd-1200x675.jpeg 1200w, https:\/\/mojezakopane.com\/wp-content\/uploads\/2025\/04\/3d9366fca891bc8697c99c30d872c3fd-600x338.jpeg 600w, https:\/\/mojezakopane.com\/wp-content\/uploads\/2025\/04\/3d9366fca891bc8697c99c30d872c3fd.jpeg 1687w\" sizes=\"(max-width: 577px) 100vw, 577px\" \/><span class=\"blog-item-tag\">Zakopane&#039;s history and traditions<\/span>                        \n                        <div class=\"blog-compact-item-content\">\n                                                        <h3>Highlander cultivators \u2013 fascinating aspects of the culture and tradition of Zakopane and Podhale<\/h3>\n                                                        <p>Podhale is a charming region rich in folklore, situated at the foot of the Tatra Mountains. Discover a unique culture,...                            <\/p>\n                                                    <\/div>\n                    <\/div>\n                <\/a>\n            <\/div>\n\t\t\t<div class=\"col-md-4\">\n                <a href=\"https:\/\/mojezakopane.com\/en\/kosciol-sw-jacka-w-chocholowie-perla-neogotyckiej-architektury-na-podhalu\/\" class=\"blog-compact-item-container\">\n                    <div class=\"blog-compact-item\">\n                        <img loading=\"lazy\" decoding=\"async\" width=\"577\" height=\"433\" src=\"https:\/\/mojezakopane.com\/wp-content\/uploads\/2025\/04\/b265660_polska_podhale_chocholow-577x433.jpg\" class=\"attachment-listeo-blog-related-post size-listeo-blog-related-post wp-post-image\" alt=\"\" srcset=\"https:\/\/mojezakopane.com\/wp-content\/uploads\/2025\/04\/b265660_polska_podhale_chocholow-577x433.jpg 577w, https:\/\/mojezakopane.com\/wp-content\/uploads\/2025\/04\/b265660_polska_podhale_chocholow-300x225.jpg 300w, https:\/\/mojezakopane.com\/wp-content\/uploads\/2025\/04\/b265660_polska_podhale_chocholow-1024x769.jpg 1024w, https:\/\/mojezakopane.com\/wp-content\/uploads\/2025\/04\/b265660_polska_podhale_chocholow-768x577.jpg 768w, https:\/\/mojezakopane.com\/wp-content\/uploads\/2025\/04\/b265660_polska_podhale_chocholow-16x12.jpg 16w, https:\/\/mojezakopane.com\/wp-content\/uploads\/2025\/04\/b265660_polska_podhale_chocholow-590x443.jpg 590w, https:\/\/mojezakopane.com\/wp-content\/uploads\/2025\/04\/b265660_polska_podhale_chocholow-892x670.jpg 892w, https:\/\/mojezakopane.com\/wp-content\/uploads\/2025\/04\/b265660_polska_podhale_chocholow-600x451.jpg 600w, https:\/\/mojezakopane.com\/wp-content\/uploads\/2025\/04\/b265660_polska_podhale_chocholow.jpg 1200w\" sizes=\"(max-width: 577px) 100vw, 577px\" \/><span class=\"blog-item-tag\">Zakopane&#039;s history and traditions<\/span>                        \n                        <div class=\"blog-compact-item-content\">\n                                                        <h3>St. Jacek&#039;s Church in Chocho\u0142\u00f3w - A pearl of neo-Gothic architecture in Podhale<\/h3>\n                                                        <p>Discover St. Jacek&#039;s Church in Chocho\u0142\u00f3w, the neo-Gothic pearl of Podhale. Learn about its fascinating history, architecture and...                            <\/p>\n                                                    <\/div>\n                    <\/div>\n                <\/a>\n            <\/div>\n\t\t\t<div class=\"col-md-4\">\n                <a href=\"https:\/\/mojezakopane.com\/en\/dolina-chocholowska-rozszerzony-przewodnik-po-perle-tatr\/\" class=\"blog-compact-item-container\">\n                    <div class=\"blog-compact-item\">\n                        <img loading=\"lazy\" decoding=\"async\" width=\"577\" height=\"385\" src=\"https:\/\/mojezakopane.com\/wp-content\/uploads\/2025\/04\/DolinaChocholowska0013-577x385.jpg\" class=\"attachment-listeo-blog-related-post size-listeo-blog-related-post wp-post-image\" alt=\"\" srcset=\"https:\/\/mojezakopane.com\/wp-content\/uploads\/2025\/04\/DolinaChocholowska0013-577x385.jpg 577w, https:\/\/mojezakopane.com\/wp-content\/uploads\/2025\/04\/DolinaChocholowska0013-300x200.jpg 300w, https:\/\/mojezakopane.com\/wp-content\/uploads\/2025\/04\/DolinaChocholowska0013-1024x683.jpg 1024w, https:\/\/mojezakopane.com\/wp-content\/uploads\/2025\/04\/DolinaChocholowska0013-768x512.jpg 768w, https:\/\/mojezakopane.com\/wp-content\/uploads\/2025\/04\/DolinaChocholowska0013-18x12.jpg 18w, https:\/\/mojezakopane.com\/wp-content\/uploads\/2025\/04\/DolinaChocholowska0013-590x393.jpg 590w, https:\/\/mojezakopane.com\/wp-content\/uploads\/2025\/04\/DolinaChocholowska0013-1005x670.jpg 1005w, https:\/\/mojezakopane.com\/wp-content\/uploads\/2025\/04\/DolinaChocholowska0013-600x400.jpg 600w, https:\/\/mojezakopane.com\/wp-content\/uploads\/2025\/04\/DolinaChocholowska0013.jpg 1200w\" sizes=\"(max-width: 577px) 100vw, 577px\" \/><span class=\"blog-item-tag\">Buried Through the Lens<\/span>                        \n                        <div class=\"blog-compact-item-content\">\n                                                        <h3>Chocho\u0142owska Valley \u2013 Extended guide to the pearl of the Tatras<\/h3>\n                                                        <p>The Chocho\u0142owska Valley is a picturesque treasure of the Tatra Mountains, attracting crowds of tourists who want to discover its beauty, history and...                            <\/p>\n                                                    <\/div>\n                    <\/div>\n                <\/a>\n            <\/div>\n\t\t\t<div class=\"col-md-4\">\n                <a href=\"https:\/\/mojezakopane.com\/en\/kuchnie-regionalna-podhala-jakich-dan-warto-sprobowac\/\" class=\"blog-compact-item-container\">\n                    <div class=\"blog-compact-item\">\n                        <img loading=\"lazy\" decoding=\"async\" width=\"577\" height=\"385\" src=\"https:\/\/mojezakopane.com\/wp-content\/uploads\/2025\/04\/1234560-577x385.jpg\" class=\"attachment-listeo-blog-related-post size-listeo-blog-related-post wp-post-image\" alt=\"\" srcset=\"https:\/\/mojezakopane.com\/wp-content\/uploads\/2025\/04\/1234560-577x385.jpg 577w, https:\/\/mojezakopane.com\/wp-content\/uploads\/2025\/04\/1234560-300x200.jpg 300w, https:\/\/mojezakopane.com\/wp-content\/uploads\/2025\/04\/1234560-768x512.jpg 768w, https:\/\/mojezakopane.com\/wp-content\/uploads\/2025\/04\/1234560-18x12.jpg 18w, https:\/\/mojezakopane.com\/wp-content\/uploads\/2025\/04\/1234560-590x393.jpg 590w, https:\/\/mojezakopane.com\/wp-content\/uploads\/2025\/04\/1234560-600x400.jpg 600w, https:\/\/mojezakopane.com\/wp-content\/uploads\/2025\/04\/1234560.jpg 990w\" sizes=\"(max-width: 577px) 100vw, 577px\" \/><span class=\"blog-item-tag\">Highlander cuisine<\/span>                        \n                        <div class=\"blog-compact-item-content\">\n                                                        <h3>Podhale regional cuisine. What dishes are worth trying?<\/h3>\n                                                        <p>Odkryj kulinarn\u0105 magi\u0119 Podhala, regionu z tradycjami g\u00f3ralskimi. Poznaj wyj\u0105tkowe smaki, takie jak oscypek, kwa\u015bnica...                            <\/p>\n                                                    <\/div>\n                    <\/div>\n                <\/a>\n            <\/div>\n\t\t\t<div class=\"col-md-4\">\n                <a href=\"https:\/\/mojezakopane.com\/en\/zbojeckie-jadlo-smaki-goralskiej-tradycji-w-zakopianskich-karczmach\/\" class=\"blog-compact-item-container\">\n                    <div class=\"blog-compact-item\">\n                        <img loading=\"lazy\" decoding=\"async\" width=\"577\" height=\"369\" src=\"https:\/\/mojezakopane.com\/wp-content\/uploads\/2025\/04\/18311-577x369.jpg\" class=\"attachment-listeo-blog-related-post size-listeo-blog-related-post wp-post-image\" alt=\"\" srcset=\"https:\/\/mojezakopane.com\/wp-content\/uploads\/2025\/04\/18311-577x369.jpg 577w, https:\/\/mojezakopane.com\/wp-content\/uploads\/2025\/04\/18311-300x192.jpg 300w, https:\/\/mojezakopane.com\/wp-content\/uploads\/2025\/04\/18311-1024x655.jpg 1024w, https:\/\/mojezakopane.com\/wp-content\/uploads\/2025\/04\/18311-768x492.jpg 768w, https:\/\/mojezakopane.com\/wp-content\/uploads\/2025\/04\/18311-18x12.jpg 18w, https:\/\/mojezakopane.com\/wp-content\/uploads\/2025\/04\/18311-590x378.jpg 590w, https:\/\/mojezakopane.com\/wp-content\/uploads\/2025\/04\/18311-1047x670.jpg 1047w, https:\/\/mojezakopane.com\/wp-content\/uploads\/2025\/04\/18311-1200x768.jpg 1200w, https:\/\/mojezakopane.com\/wp-content\/uploads\/2025\/04\/18311-600x384.jpg 600w, https:\/\/mojezakopane.com\/wp-content\/uploads\/2025\/04\/18311.jpg 1500w\" sizes=\"(max-width: 577px) 100vw, 577px\" \/><span class=\"blog-item-tag\">Highlander cuisine<\/span>                        \n                        <div class=\"blog-compact-item-content\">\n                                                        <h3>Zb\u00f3jeckie Jad\u0142o: Flavors of the Highlander Tradition in Zakopane&#039;s Inns<\/h3>\n                                                        <p>Discover the taste of highland cuisine and the fascinating history of the bandit food, which combines simplicity with satiety, delighting tourists...                            <\/p>\n                                                    <\/div>\n                    <\/div>\n                <\/a>\n            <\/div>\n\t\t\t<div class=\"col-md-4\">\n                <a href=\"https:\/\/mojezakopane.com\/en\/kuchnia-zakopianska-grul-tradycyjna-potrawa-tatrzanska\/\" class=\"blog-compact-item-container\">\n                    <div class=\"blog-compact-item\">\n                        <img loading=\"lazy\" decoding=\"async\" width=\"577\" height=\"386\" src=\"https:\/\/mojezakopane.com\/wp-content\/uploads\/2025\/04\/ziemniaki-i-boczek-577x386.jpg\" class=\"attachment-listeo-blog-related-post size-listeo-blog-related-post wp-post-image\" alt=\"\" srcset=\"https:\/\/mojezakopane.com\/wp-content\/uploads\/2025\/04\/ziemniaki-i-boczek-577x386.jpg 577w, https:\/\/mojezakopane.com\/wp-content\/uploads\/2025\/04\/ziemniaki-i-boczek-300x201.jpg 300w, https:\/\/mojezakopane.com\/wp-content\/uploads\/2025\/04\/ziemniaki-i-boczek-1024x684.jpg 1024w, https:\/\/mojezakopane.com\/wp-content\/uploads\/2025\/04\/ziemniaki-i-boczek-768x513.jpg 768w, https:\/\/mojezakopane.com\/wp-content\/uploads\/2025\/04\/ziemniaki-i-boczek-18x12.jpg 18w, https:\/\/mojezakopane.com\/wp-content\/uploads\/2025\/04\/ziemniaki-i-boczek-590x394.jpg 590w, https:\/\/mojezakopane.com\/wp-content\/uploads\/2025\/04\/ziemniaki-i-boczek-1002x670.jpg 1002w, https:\/\/mojezakopane.com\/wp-content\/uploads\/2025\/04\/ziemniaki-i-boczek-1200x802.jpg 1200w, https:\/\/mojezakopane.com\/wp-content\/uploads\/2025\/04\/ziemniaki-i-boczek-600x401.jpg 600w, https:\/\/mojezakopane.com\/wp-content\/uploads\/2025\/04\/ziemniaki-i-boczek.jpg 1496w\" sizes=\"(max-width: 577px) 100vw, 577px\" \/><span class=\"blog-item-tag\">Highlander cuisine<\/span>                        \n                        <div class=\"blog-compact-item-content\">\n                                                        <h3>Zakopane Cuisine: Grul \u2013 Traditional Tatra Dish<\/h3>\n                                                        <p>Zakopane, the heart of the Tatras, enchants not only with its views but also with its unique cuisine. Discover grul \u2013 a traditional...                            <\/p>\n                                                    <\/div>\n                    <\/div>\n                <\/a>\n            <\/div>\n  <\/div>\n        <\/div>\n                <div class=\"col-md-12 centered-content\">\n                <a href=\"https:\/\/mojezakopane.com\/en\/kuchnia-zakopianska-grul-tradycyjna-potrawa-tatrzanska\/\" class=\"button border margin-top-10\">View Blog<\/a>\n            <\/div>\n        \t\t\t\t<\/div>\n\t\t\t\t<\/div>\n\t\t\t\t<div class=\"elementor-element elementor-element-0090166 elementor-widget-divider--view-line elementor-widget elementor-widget-divider\" data-id=\"0090166\" data-element_type=\"widget\" data-e-type=\"widget\" data-widget_type=\"divider.default\">\n\t\t\t\t\t\t\t<div class=\"elementor-divider\">\n\t\t\t<span class=\"elementor-divider-separator\">\n\t\t\t\t\t\t<\/span>\n\t\t<\/div>\n\t\t\t\t\t\t<\/div>\n\t\t\t\t\t<\/div>\n\t\t\t\t<\/div>\n\t\t<div class=\"elementor-element elementor-element-f935132 e-flex e-con-boxed e-con e-parent\" data-id=\"f935132\" data-element_type=\"container\" data-e-type=\"container\" data-settings=\"{&quot;background_background&quot;:&quot;gradient&quot;}\">\n\t\t\t\t\t<div class=\"e-con-inner\">\n\t\t\t\t<div class=\"elementor-element elementor-element-9317f94 elementor-widget elementor-widget-html\" data-id=\"9317f94\" data-element_type=\"widget\" data-e-type=\"widget\" data-widget_type=\"html.default\">\n\t\t\t\t\t<div data-gyg-widget=\"auto\" data-gyg-partner-id=\"LVCU6TW\"><\/div>\n<!-- GetYourGuide Analytics -->\n\n<script async defer src=\"https:\/\/widget.getyourguide.com\/dist\/pa.umd.production.min.js\" data-gyg-partner-id=\"LVCU6TW\"><\/script>\t\t\t\t<\/div>\n\t\t\t\t<div class=\"elementor-element elementor-element-360ccde elementor-widget-divider--view-line elementor-widget elementor-widget-divider\" data-id=\"360ccde\" data-element_type=\"widget\" data-e-type=\"widget\" data-widget_type=\"divider.default\">\n\t\t\t\t\t\t\t<div class=\"elementor-divider\">\n\t\t\t<span class=\"elementor-divider-separator\">\n\t\t\t\t\t\t<\/span>\n\t\t<\/div>\n\t\t\t\t\t\t<\/div>\n\t\t\t\t\t<\/div>\n\t\t\t\t<\/div>\n\t\t<div class=\"elementor-element elementor-element-ae3aa6a e-flex e-con-boxed e-con e-parent\" data-id=\"ae3aa6a\" data-element_type=\"container\" data-e-type=\"container\">\n\t\t\t\t\t<div class=\"e-con-inner\">\n\t\t\t\t<div class=\"elementor-element elementor-element-4880bd5 elementor-invisible elementor-widget elementor-widget-google_maps\" data-id=\"4880bd5\" data-element_type=\"widget\" data-e-type=\"widget\" data-settings=\"{&quot;_animation&quot;:&quot;zoomInDown&quot;}\" data-widget_type=\"google_maps.default\">\n\t\t\t\t\t\t\t<div class=\"elementor-custom-embed\">\n\t\t\t<iframe loading=\"lazy\"\n\t\t\t\t\tsrc=\"https:\/\/maps.google.com\/maps?q=Zakopane&#038;t=m&#038;z=10&#038;output=embed&#038;iwloc=near\"\n\t\t\t\t\ttitle=\"Zakopane\"\n\t\t\t\t\taria-label=\"Zakopane\"\n\t\t\t><\/iframe>\n\t\t<\/div>\n\t\t\t\t\t\t<\/div>\n\t\t\t\t<div class=\"elementor-element elementor-element-e3c9c00 elementor-widget-divider--view-line elementor-invisible elementor-widget elementor-widget-divider\" data-id=\"e3c9c00\" data-element_type=\"widget\" data-e-type=\"widget\" data-settings=\"{&quot;_animation&quot;:&quot;fadeInRight&quot;}\" data-widget_type=\"divider.default\">\n\t\t\t\t\t\t\t<div class=\"elementor-divider\">\n\t\t\t<span class=\"elementor-divider-separator\">\n\t\t\t\t\t\t<\/span>\n\t\t<\/div>\n\t\t\t\t\t\t<\/div>\n\t\t\t\t\t<\/div>\n\t\t\t\t<\/div>\n\t\t<div class=\"elementor-element elementor-element-9de2f6f e-flex e-con-boxed e-con e-parent\" data-id=\"9de2f6f\" data-element_type=\"container\" data-e-type=\"container\">\n\t\t\t\t\t<div class=\"e-con-inner\">\n\t\t\t\t\t<\/div>\n\t\t\t\t<\/div>\n\t\t\t\t<\/div>","protected":false},"excerpt":{"rendered":"<p>Zakopane History and Traditions Restauracja U Wnuka \u2013 per\u0142a historii i tradycji Zakopanego Zakopane to miasto o niezwyk\u0142ej historii, pe\u0142ne klimatycznych miejsc, kt\u00f3re przenosz\u0105 odwiedzaj\u0105cych w przesz\u0142o\u015b\u0107. Jednym&#8230; Zakopane History and Traditions Zakopane: A Deep Dive into Its History and Rich Traditions Zakopane, often referred to as the winter capital of Poland, is much more [&hellip;]<\/p>\n","protected":false},"author":1,"featured_media":0,"parent":0,"menu_order":0,"comment_status":"closed","ping_status":"closed","template":"","meta":{"_monsterinsights_skip_tracking":false,"_monsterinsights_sitenote_active":false,"_monsterinsights_sitenote_note":"","_monsterinsights_sitenote_category":0,"footnotes":""},"class_list":["post-106","page","type-page","status-publish","hentry"],"_hostinger_reach_plugin_has_subscription_block":false,"_hostinger_reach_plugin_is_elementor":false,"_links":{"self":[{"href":"https:\/\/mojezakopane.com\/en\/wp-json\/wp\/v2\/pages\/106","targetHints":{"allow":["GET"]}}],"collection":[{"href":"https:\/\/mojezakopane.com\/en\/wp-json\/wp\/v2\/pages"}],"about":[{"href":"https:\/\/mojezakopane.com\/en\/wp-json\/wp\/v2\/types\/page"}],"author":[{"embeddable":true,"href":"https:\/\/mojezakopane.com\/en\/wp-json\/wp\/v2\/users\/1"}],"replies":[{"embeddable":true,"href":"https:\/\/mojezakopane.com\/en\/wp-json\/wp\/v2\/comments?post=106"}],"version-history":[{"count":71,"href":"https:\/\/mojezakopane.com\/en\/wp-json\/wp\/v2\/pages\/106\/revisions"}],"predecessor-version":[{"id":706,"href":"https:\/\/mojezakopane.com\/en\/wp-json\/wp\/v2\/pages\/106\/revisions\/706"}],"wp:attachment":[{"href":"https:\/\/mojezakopane.com\/en\/wp-json\/wp\/v2\/media?parent=106"}],"curies":[{"name":"wp","href":"https:\/\/api.w.org\/{rel}","templated":true}]}}