{"id":125,"date":"2018-11-02T10:41:38","date_gmt":"2018-11-02T10:41:38","guid":{"rendered":"http:\/\/listeo.wpengine.com\/?page_id=35"},"modified":"2025-03-17T18:03:49","modified_gmt":"2025-03-17T18:03:49","slug":"offers","status":"publish","type":"page","link":"https:\/\/mojezakopane.com\/en\/offers\/","title":{"rendered":"Offers"},"content":{"rendered":"<div data-elementor-type=\"wp-page\" data-elementor-id=\"125\" class=\"elementor elementor-125\" data-elementor-post-type=\"page\">\n\t\t\t\t<div class=\"elementor-element elementor-element-7128668c e-flex e-con-boxed e-con e-parent\" data-id=\"7128668c\" data-element_type=\"container\" data-e-type=\"container\">\n\t\t\t\t\t<div class=\"e-con-inner\">\n\t\t\t\t<div class=\"elementor-element elementor-element-46fdf976 elementor-widget elementor-widget-shortcode\" data-id=\"46fdf976\" data-element_type=\"widget\" data-e-type=\"widget\" data-widget_type=\"shortcode.default\">\n\t\t\t\t\t\t\t<div class=\"elementor-shortcode\">\r\n\t\t\t<div class=\"row margin-bottom-25\">\r\n\r\n\t\t\t\t\n\t<div class=\"col-md-3 col-xs-6\">\n\t\t<!-- Layout Switcher -->\n\t\t<div class=\"layout-switcher\">\n\t\t\t<a href=\"#\" data-layout=\"grid\" class=\"grid\"><i class=\"fa fa-th\"><\/i><\/a>\n\t\t\t<a href=\"#\" data-layout=\"list\" class=\"list\"><i class=\"fa fa-align-justify\"><\/i><\/a>\n\t\t<\/div>\n\t<\/div>\n\n\n<!-- Sorting \/ Layout Switcher -->\n\t<div class=\"col-md-9\">\n\t\t\t<div class=\"fullwidth-filters  ajax-search\">\n\n\t\t\t\n\t\t\t\n\t\t\t\t\t\t\t<!-- Sort by -->\n\t\t\t\t<div class=\"sort-by\">\n\t\t\t\t\t<div class=\"sort-by-select\">\n\t\t\t\t\t\t\t\t\t\t\t\t<select form=\"listeo_core-search-form\" name=\"listeo_core_order\" data-placeholder=\"Default order\" class=\"select2-sortby orderby\">\n\t\t\t\t\t\t\t<option  value=\"default\">Default Order<\/option>\n\t\t\t\t\t\t\t <option  value=\"highest-rated\">Highest Rated<\/option>\t\t\t\t\t\t\t\t\t\t\t\t\t\t\t<option  value=\"reviewed\">Most Reviewed<\/option>\t\t\t\t\t\t\t\t\t\t\t\t\t\t<option  value=\"date-desc\">Newest Listings<\/option>\t\t\t\t\t\t\t<option  value=\"date-asc\">Oldest Listings<\/option>\t\t\t\t\t\t\t<option  value=\"title\">Alphabetically<\/option>\t\t\t\t\t\t\t<option  selected='selected' value=\"featured\">Featured<\/option>\t\t\t\t\t\t\t<option  value=\"views\">Most Views<\/option>\t\t\t\t\t\t\t<option  value=\"verified\">Verified<\/option>\t\t\t\t\t\t\t<option  value=\"upcoming-event\">Upcoming Event<\/option>\t\t\t\t\t\t\t<option  value=\"rand\">Random<\/option>\t\t\t\t\t\t<\/select>\n\t\t\t\t\t<\/div>\n\t\t\t\t<\/div>\n\t\t\t\t<!-- Sort by \/ End -->\n\t\t\t\n\t\t<\/div>\n\t\t<\/div>\t\t\t<\/div>\r\n\t\t<!-- Listings -->\r\n\r\n<div id=\"listeo-listings-container\" \r\ndata-counter=\"3\" \r\ndata-style=\"compact\"  \r\ndata-custom_class=\"\" \r\ndata-per_page=\"6\" \r\ndata-grid_columns=\"2\" \r\n data-region=\"\"  data-_listing_type=\"\"  data-category=\"\"  data-feature=\"\"  data-rental-category=\"\"  data-service-category=\"\"  data-event-category=\"\" class=\"row  ajax-search\">\r\n\t<div class=\"loader-ajax-container\" style=\"\"> <div class=\"loader-ajax\"><\/div> <\/div>\r\n<!-- Listing Item -->\r\n            <div class=\"col-lg-6 col-md-12\">\r\n                <a href=\"https:\/\/mojezakopane.com\/en\/listing\/restaurant-goralski-smak-taste-the-tradition-of-zakopane\/\"  class=\"listing-item-container listing-geo-data compact\" \r\n\t\tdata-title=\"Restaurant \u201cG\u00f3ralski Smak\u201d \u2013 Taste the Tradition of Zakopane!\"\r\n\t\tdata-listing-type=\"classifieds\"\r\n\t\tdata-classifieds-price=\"100PLN\"\r\n\t\tdata-friendly-address=\"\"\r\n\t\tdata-address=\"Zakopane, powiat tatrza\u0144ski, wojew\u00f3dztwo ma\u0142opolskie, Polska\"\r\n\t\tdata-image=\"https:\/\/mojezakopane.com\/wp-content\/uploads\/2025\/02\/tokyo-japan-january-09-2018-chefs-are-cooking-restaurant-most-popular-delicious-japanese-snack-food-japan-520x397.jpg\"\r\n\t\tdata-longitude=\"49.2969114\"\r\n\t\tdata-latitude=\"19.9504753\"\r\n\t\t\t\t\tdata-rating=\"0\"\r\n\t\t\tdata-reviews=\"0\"\r\n\t\t\t\tdata-icon=\"&lt;?xml version=&quot;1.0&quot; encoding=&quot;iso-8859-1&quot;?&gt;&lt;!-- Generator: Adobe Illustrator 19.0.0, SVG Export Plug-In . SVG Version: 6.00 Build 0)  --&gt;&lt;svg version=&quot;1.1&quot; id=&quot;Capa_1&quot; xmlns=&quot;http:\/\/www.w3.org\/2000\/svg&quot; xmlns:xlink=&quot;http:\/\/www.w3.org\/1999\/xlink&quot; x=&quot;0px&quot; y=&quot;0px&quot;\t viewBox=&quot;0 0 512 512&quot; style=&quot;enable-background:new 0 0 512 512;&quot; xml:space=&quot;preserve&quot;&gt;&lt;g&gt;\t&lt;g&gt;\t\t&lt;path d=&quot;M135,0c-8.291,0-15,6.709-15,15v105H90V15c0-8.291-6.709-15-15-15S60,6.709,60,15v105H30V15c0-8.291-6.709-15-15-15\t\t\tS0,6.709,0,15c0,66.683,0,83.276,0,150c0,24.814,20.186,46,45,46h60c24.814,0,45-21.186,45-46c0-66.747,0-83.28,0-150\t\t\tC150,6.709,143.291,0,135,0z&quot;\/&gt;\t&lt;\/g&gt;&lt;\/g&gt;&lt;g&gt;\t&lt;g&gt;\t\t&lt;path d=&quot;M362,316V171.328c0-0.042,0.007-0.082,0.007-0.124C337.248,140.25,298.631,120,256,120c-27.288,0-54.128,8.077-76,22.787\t\t\tV165c0,30.676-18.56,58.036-45,69.643v81.907C157.286,360.506,203.434,391,256,391c44.998,0,85.659-22.341,110.202-56.285\t\t\tC363.567,328.999,362,322.696,362,316z&quot;\/&gt;\t&lt;\/g&gt;&lt;\/g&gt;&lt;g&gt;\t&lt;g&gt;\t\t&lt;path d=&quot;M407,361c-6.969,0-13.491-1.727-19.385-4.567C357.419,395.611,309.174,421,256,421c-47.296,0-90.888-20.114-121-52.103\t\t\tv78.199C169.757,469.086,211.829,482,256,482c65.288,0,124.898-28.977,166-73.394V361H407z&quot;\/&gt;\t&lt;\/g&gt;&lt;\/g&gt;&lt;g&gt;\t&lt;g&gt;\t\t&lt;path d=&quot;M256,30c-26.34,0-52.509,4.759-76,13.076v64.916C202.83,96.313,229.349,90,256,90c41.803,0,80.909,15.753,110.016,41.47\t\t\tc3.891-21.182,10.437-41.64,19.951-60.674C349.43,45.167,304.019,30,256,30z&quot;\/&gt;\t&lt;\/g&gt;&lt;\/g&gt;&lt;g&gt;\t&lt;g&gt;\t\t&lt;path d=&quot;M504.075,1.772c-4.849-2.607-10.781-2.314-15.396,0.747C420.268,48.127,392,107.075,392,171.328V316\t\t\tc0,8.291,6.709,15,15,15h45v151c0,16.567,13.431,30,30,30c16.569,0,30-13.433,30-30c0-239.87,0-231.638,0-467\t\t\tC512,9.463,508.953,4.38,504.075,1.772z&quot;\/&gt;\t&lt;\/g&gt;&lt;\/g&gt;&lt;g&gt;\t&lt;g&gt;\t\t&lt;path d=&quot;M45,241v241c0,16.567,13.431,30,30,30c16.569,0,30-13.433,30-30V241H45z&quot;\/&gt;\t&lt;\/g&gt;&lt;\/g&gt;&lt;g&gt;&lt;\/g&gt;&lt;g&gt;&lt;\/g&gt;&lt;g&gt;&lt;\/g&gt;&lt;g&gt;&lt;\/g&gt;&lt;g&gt;&lt;\/g&gt;&lt;g&gt;&lt;\/g&gt;&lt;g&gt;&lt;\/g&gt;&lt;g&gt;&lt;\/g&gt;&lt;g&gt;&lt;\/g&gt;&lt;g&gt;&lt;\/g&gt;&lt;g&gt;&lt;\/g&gt;&lt;g&gt;&lt;\/g&gt;&lt;g&gt;&lt;\/g&gt;&lt;g&gt;&lt;\/g&gt;&lt;g&gt;&lt;\/g&gt;&lt;\/svg&gt;\"\r\n\r\n\t>\r\n            <div class=\"listing-item\">\r\n                <div class=\"listing-small-badges-container\">\r\n                                                                                                                <div class=\"listing-small-badge pricing-badge classifieds-pricing-badge\"><i class=\"fa fa-tag\"><\/i>100.00PLN<\/div>\r\n                                        \r\n                <\/div>\r\n                <img fetchpriority=\"high\" decoding=\"async\" width=\"520\" height=\"397\" src=\"https:\/\/mojezakopane.com\/wp-content\/uploads\/2025\/02\/tokyo-japan-january-09-2018-chefs-are-cooking-restaurant-most-popular-delicious-japanese-snack-food-japan-520x397.jpg\" class=\"attachment-listeo-listing-grid size-listeo-listing-grid wp-post-image\" alt=\"\" \/>\r\n                \r\n\r\n                <div class=\"listing-item-content\">\r\n                    \r\n                    <h3> Restaurant \u201cG\u00f3ralski Smak\u201d \u2013 Taste the Tradition of Zakopane! <\/h3>\r\n                    <span>Zakopane, Tatra County, Lesser Poland Voivodeship, Poland<\/span>\r\n                <\/div>\r\n                                        <span class=\"save like-icon tooltip left\" title=\"Login To Bookmark Items\"><\/span>\r\n                                                <\/div>\r\n        <\/a>\r\n                    <\/div>\r\n        \r\n\r\n        <!-- Listing Item \/ End --><!-- Listing Item -->\r\n            <div class=\"col-lg-6 col-md-12\">\r\n                <a href=\"https:\/\/mojezakopane.com\/en\/listing\/highlander-cottage-u-staszka\/\"  class=\"listing-item-container listing-geo-data compact\" \r\n\t\tdata-title=\"Highlander Cottage \u201cU Staszka\u201d\"\r\n\t\tdata-listing-type=\"rental\"\r\n\t\tdata-classifieds-price=\"PLN\"\r\n\t\tdata-friendly-address=\"\"\r\n\t\tdata-address=\"Ko\u015bcielisko, gmina Ko\u015bcielisko, powiat tatrza\u0144ski, wojew\u00f3dztwo ma\u0142opolskie, 34-511, Polska\"\r\n\t\tdata-image=\"https:\/\/mojezakopane.com\/wp-content\/uploads\/2025\/02\/3d-house-model-with-modern-architecture-520x397.jpg\"\r\n\t\tdata-longitude=\"49.2907179\"\r\n\t\tdata-latitude=\"19.8885727\"\r\n\t\t\t\t\tdata-rating=\"5\"\r\n\t\t\tdata-reviews=\"1\"\r\n\t\t\t\tdata-icon=\"&lt;svg id=&quot;Layer_1&quot; enable-background=&quot;new 0 0 500 500&quot; viewBox=&quot;0 0 500 500&quot; xmlns=&quot;http:\/\/www.w3.org\/2000\/svg&quot;&gt;&lt;path clip-rule=&quot;evenodd&quot; d=&quot;m186.397 321.567c-17.467-17.468-45.791-17.467-63.258 0s-17.467 45.791 0 63.258 45.791 17.467 63.258 0 17.468-45.791 0-63.258zm170.122-127.368c.169.169.254.375.254.614v115.224c0 .479-.39.869-.869.869h-117.143c-.334 0-.62-.176-.773-.473-13.753-26.846-39.734-45.611-69.725-50.049-.429-.064-.742-.425-.742-.859v-64.711c0-.239.085-.445.255-.614l89.44-89.441c2.708-2.708 7.153-2.708 9.861 0zm-81.693 34.911c-1.965 1.965-3.191 4.695-3.191 7.656v17.392c0 5.952 4.91 10.861 10.861 10.861h17.392c5.953 0 10.861-4.91 10.861-10.861v-17.392c0-5.988-4.873-10.861-10.861-10.861h-17.392c-2.973 0-5.689 1.227-7.67 3.205zm-33.027-61.295h-17.392c-5.952 0-10.861 4.909-10.861 10.861v17.392c0 5.952 4.91 10.861 10.861 10.861h17.392c5.986 0 10.861-4.9 10.861-10.861v-17.392c0-5.988-4.873-10.861-10.861-10.861zm-25.063 61.295c-1.965 1.965-3.191 4.695-3.191 7.656v17.392c0 5.952 4.91 10.861 10.861 10.861h17.392c5.952 0 10.861-4.91 10.861-10.861v-17.392c0-5.988-4.873-10.861-10.861-10.861h-17.392c-2.973 0-5.689 1.227-7.67 3.205zm58.11-58.11c-1.981 1.981-3.211 4.699-3.211 7.676v17.392c0 5.952 4.91 10.861 10.861 10.861h17.392c5.986 0 10.861-4.9 10.861-10.861v-17.392c0-5.988-4.873-10.861-10.861-10.861h-17.392c-2.963 0-5.671 1.219-7.65 3.185zm1.447-75.457 105.991 105.991c7.193 7.193 19.844 2.254 19.844-8.229 0-2.988-1.129-5.972-3.385-8.229l.012-.013-108.578-108.296c-15.537-15.498-40.807-15.507-56.357.042l-108.267 108.268c-7.192 7.192-2.254 19.844 8.229 19.844 2.988 0 5.972-1.129 8.229-3.386l105.991-105.992c7.799-7.799 20.493-7.798 28.291 0zm-128.042 226.9c0-3.599 2.918-6.517 6.517-6.517s6.517 2.918 6.517 6.517v27.695c0 .239.085.445.254.614l12.79 12.79c2.545 2.545 2.545 6.671 0 9.215-2.545 2.545-6.671 2.545-9.215 0l-14.913-14.913c-1.204-1.182-1.951-2.829-1.951-4.649v-30.752zm-75.453 30.753c0-45.098 36.561-81.659 81.66-81.659 33.883 0 63.437 20.742 75.702 50.991.136.335.443.543.804.543h152.738c.239 0 .445.085.614.254l42.631 42.632c.338.338.338.89 0 1.229l-13.619 13.62c-.169.169-.375.254-.614.254h-36.352c-.239 0-.445.085-.614.255l-21.015 21.015c-.169.169-.375.255-.614.255h-14.22c-.239 0-.445-.085-.614-.255l-20.655-20.655c-.338-.338-.89-.338-1.229 0l-20.656 20.655c-.169.169-.375.255-.614.255h-14.22c-.239 0-.445-.085-.614-.255l-21.015-21.015c-.169-.169-.375-.255-.614-.255h-27.825c-.37 0-.685.22-.814.567-11.546 31.08-41.47 53.228-76.57 53.228-45.1 0-81.661-36.56-81.661-81.659z&quot; fill-rule=&quot;evenodd&quot;\/&gt;&lt;\/svg&gt;\"\r\n\r\n\t>\r\n            <div class=\"listing-item\">\r\n                <div class=\"listing-small-badges-container\">\r\n                                                                <div class=\"listing-small-badge pricing-badge\"><i class=\"fa fa-tag\"><\/i>100.00PLN - 300.00PLN<\/div>\r\n                                                                                \r\n                <\/div>\r\n                <img decoding=\"async\" width=\"520\" height=\"397\" src=\"https:\/\/mojezakopane.com\/wp-content\/uploads\/2025\/02\/3d-house-model-with-modern-architecture-520x397.jpg\" class=\"attachment-listeo-listing-grid size-listeo-listing-grid wp-post-image\" alt=\"\" \/>\r\n                \r\n\r\n                <div class=\"listing-item-content\">\r\n                                                <div class=\"numerical-rating\" data-rating=\"5.0\"><\/div>\r\n                    \r\n                    <h3> Highlander Cottage \u201cU Staszka\u201d <\/h3>\r\n                    <span>Ko\u015bcielisko, Ko\u015bcielisko commune, Tatra county, Lesser Poland voivodeship, 34-511, Poland<\/span>\r\n                <\/div>\r\n                                        <span class=\"save like-icon tooltip left\" title=\"Login To Bookmark Items\"><\/span>\r\n                                                <\/div>\r\n        <\/a>\r\n                    <\/div>\r\n        \r\n\r\n        <!-- Listing Item \/ End --><!-- Listing Item -->\r\n            <div class=\"col-lg-6 col-md-12\">\r\n                <a href=\"https:\/\/mojezakopane.com\/en\/listing\/apartment-pod-giewontem\/\"  class=\"listing-item-container listing-geo-data compact\" \r\n\t\tdata-title=\"Apartment &#8222;Pod Giewontem&#8221;\"\r\n\t\tdata-listing-type=\"rental\"\r\n\t\tdata-classifieds-price=\"PLN\"\r\n\t\tdata-friendly-address=\"\"\r\n\t\tdata-address=\"Nowy Targ, powiat nowotarski, wojew\u00f3dztwo ma\u0142opolskie, Polska\"\r\n\t\tdata-image=\"https:\/\/mojezakopane.com\/wp-content\/uploads\/2025\/02\/210135689-520x397.jpg\"\r\n\t\tdata-longitude=\"49.489209200000005\"\r\n\t\tdata-latitude=\"20.026341104646875\"\r\n\t\t\t\t\tdata-rating=\"0\"\r\n\t\t\tdata-reviews=\"0\"\r\n\t\t\t\tdata-icon=\"&lt;svg id=&quot;Layer_1&quot; enable-background=&quot;new 0 0 500 500&quot; viewBox=&quot;0 0 500 500&quot; xmlns=&quot;http:\/\/www.w3.org\/2000\/svg&quot;&gt;&lt;path clip-rule=&quot;evenodd&quot; d=&quot;m186.397 321.567c-17.467-17.468-45.791-17.467-63.258 0s-17.467 45.791 0 63.258 45.791 17.467 63.258 0 17.468-45.791 0-63.258zm170.122-127.368c.169.169.254.375.254.614v115.224c0 .479-.39.869-.869.869h-117.143c-.334 0-.62-.176-.773-.473-13.753-26.846-39.734-45.611-69.725-50.049-.429-.064-.742-.425-.742-.859v-64.711c0-.239.085-.445.255-.614l89.44-89.441c2.708-2.708 7.153-2.708 9.861 0zm-81.693 34.911c-1.965 1.965-3.191 4.695-3.191 7.656v17.392c0 5.952 4.91 10.861 10.861 10.861h17.392c5.953 0 10.861-4.91 10.861-10.861v-17.392c0-5.988-4.873-10.861-10.861-10.861h-17.392c-2.973 0-5.689 1.227-7.67 3.205zm-33.027-61.295h-17.392c-5.952 0-10.861 4.909-10.861 10.861v17.392c0 5.952 4.91 10.861 10.861 10.861h17.392c5.986 0 10.861-4.9 10.861-10.861v-17.392c0-5.988-4.873-10.861-10.861-10.861zm-25.063 61.295c-1.965 1.965-3.191 4.695-3.191 7.656v17.392c0 5.952 4.91 10.861 10.861 10.861h17.392c5.952 0 10.861-4.91 10.861-10.861v-17.392c0-5.988-4.873-10.861-10.861-10.861h-17.392c-2.973 0-5.689 1.227-7.67 3.205zm58.11-58.11c-1.981 1.981-3.211 4.699-3.211 7.676v17.392c0 5.952 4.91 10.861 10.861 10.861h17.392c5.986 0 10.861-4.9 10.861-10.861v-17.392c0-5.988-4.873-10.861-10.861-10.861h-17.392c-2.963 0-5.671 1.219-7.65 3.185zm1.447-75.457 105.991 105.991c7.193 7.193 19.844 2.254 19.844-8.229 0-2.988-1.129-5.972-3.385-8.229l.012-.013-108.578-108.296c-15.537-15.498-40.807-15.507-56.357.042l-108.267 108.268c-7.192 7.192-2.254 19.844 8.229 19.844 2.988 0 5.972-1.129 8.229-3.386l105.991-105.992c7.799-7.799 20.493-7.798 28.291 0zm-128.042 226.9c0-3.599 2.918-6.517 6.517-6.517s6.517 2.918 6.517 6.517v27.695c0 .239.085.445.254.614l12.79 12.79c2.545 2.545 2.545 6.671 0 9.215-2.545 2.545-6.671 2.545-9.215 0l-14.913-14.913c-1.204-1.182-1.951-2.829-1.951-4.649v-30.752zm-75.453 30.753c0-45.098 36.561-81.659 81.66-81.659 33.883 0 63.437 20.742 75.702 50.991.136.335.443.543.804.543h152.738c.239 0 .445.085.614.254l42.631 42.632c.338.338.338.89 0 1.229l-13.619 13.62c-.169.169-.375.254-.614.254h-36.352c-.239 0-.445.085-.614.255l-21.015 21.015c-.169.169-.375.255-.614.255h-14.22c-.239 0-.445-.085-.614-.255l-20.655-20.655c-.338-.338-.89-.338-1.229 0l-20.656 20.655c-.169.169-.375.255-.614.255h-14.22c-.239 0-.445-.085-.614-.255l-21.015-21.015c-.169-.169-.375-.255-.614-.255h-27.825c-.37 0-.685.22-.814.567-11.546 31.08-41.47 53.228-76.57 53.228-45.1 0-81.661-36.56-81.661-81.659z&quot; fill-rule=&quot;evenodd&quot;\/&gt;&lt;\/svg&gt;\"\r\n\r\n\t>\r\n            <div class=\"listing-item\">\r\n                <div class=\"listing-small-badges-container\">\r\n                                                                                                    \r\n                <\/div>\r\n                <img decoding=\"async\" width=\"520\" height=\"397\" src=\"https:\/\/mojezakopane.com\/wp-content\/uploads\/2025\/02\/210135689-520x397.jpg\" class=\"attachment-listeo-listing-grid size-listeo-listing-grid wp-post-image\" alt=\"\" \/>\r\n                \r\n\r\n                <div class=\"listing-item-content\">\r\n                    \r\n                    <h3> Apartment &quot;Under Giewont&quot; <\/h3>\r\n                    <span>Nowy Targ, Nowy Targ County, Lesser Poland Voivodeship, Poland<\/span>\r\n                <\/div>\r\n                                        <span class=\"save like-icon tooltip left\" title=\"Login To Bookmark Items\"><\/span>\r\n                                                <\/div>\r\n        <\/a>\r\n                    <\/div>\r\n        \r\n\r\n        <!-- Listing Item \/ End -->\t\t\t<\/div>\r\n\t\t\t<div class=\"pagination-container margin-top-20 margin-bottom-20 ajax-search\">\r\n\t\t\t\t\t\t\t<\/div>\r\n\t\t\t<\/div>\n\t\t\t\t\t\t<\/div>\n\t\t\t\t\t<\/div>\n\t\t\t\t<\/div>\n\t\t\t\t<\/div>","protected":false},"excerpt":{"rendered":"","protected":false},"author":1,"featured_media":0,"parent":0,"menu_order":0,"comment_status":"closed","ping_status":"closed","template":"template-split-map.php","meta":{"_monsterinsights_skip_tracking":false,"_monsterinsights_sitenote_active":false,"_monsterinsights_sitenote_note":"","_monsterinsights_sitenote_category":0,"footnotes":""},"class_list":["post-125","page","type-page","status-publish","hentry"],"_hostinger_reach_plugin_has_subscription_block":false,"_hostinger_reach_plugin_is_elementor":false,"_links":{"self":[{"href":"https:\/\/mojezakopane.com\/en\/wp-json\/wp\/v2\/pages\/125","targetHints":{"allow":["GET"]}}],"collection":[{"href":"https:\/\/mojezakopane.com\/en\/wp-json\/wp\/v2\/pages"}],"about":[{"href":"https:\/\/mojezakopane.com\/en\/wp-json\/wp\/v2\/types\/page"}],"author":[{"embeddable":true,"href":"https:\/\/mojezakopane.com\/en\/wp-json\/wp\/v2\/users\/1"}],"replies":[{"embeddable":true,"href":"https:\/\/mojezakopane.com\/en\/wp-json\/wp\/v2\/comments?post=125"}],"version-history":[{"count":4,"href":"https:\/\/mojezakopane.com\/en\/wp-json\/wp\/v2\/pages\/125\/revisions"}],"predecessor-version":[{"id":925,"href":"https:\/\/mojezakopane.com\/en\/wp-json\/wp\/v2\/pages\/125\/revisions\/925"}],"wp:attachment":[{"href":"https:\/\/mojezakopane.com\/en\/wp-json\/wp\/v2\/media?parent=125"}],"curies":[{"name":"wp","href":"https:\/\/api.w.org\/{rel}","templated":true}]}}