{"id":94,"date":"2022-08-06T21:43:53","date_gmt":"2022-08-06T21:43:53","guid":{"rendered":"https:\/\/wordpress-722045-2402992.cloudwaysapps.com\/?page_id=561"},"modified":"2025-03-23T14:30:35","modified_gmt":"2025-03-23T14:30:35","slug":"kalendarz","status":"publish","type":"page","link":"https:\/\/mojezakopane.com\/en\/kalendarz\/","title":{"rendered":"Kalendarz"},"content":{"rendered":"<div class=\"row\">\n    <div class=\"col-lg-12 col-md-12\">\n        <div class=\"dashboard-list-box dashboard-calendar-view  margin-top-0\">\n            <div class=\"headline-with-filters\">\n                <!-- Booking Requests Filters  -->\n                <div class=\"booking-requests-filter\">\n\n                    <div class=\"chart-filters calendar-filters\">\n\n                        <!-- Sort by -->\n                        <div class=\"sort-by\">\n                            <div class=\"sort-by-select\">\n                                <select data-placeholder=\"Default order\" class=\"select2-bookings\" id=\"listing_id\">\n                                    <option value=\"show_all\">All Listings<\/option>\n                                                                            <option value=\"2234\">Pok\u00f3j 4 osobowy w centrum Chocho\u0142owa<\/option>\n                                                                            <option value=\"2217\">Rower miejski<\/option>\n                                                                            <option value=\"2131\">Hair extensions and thickening with travel to the client up to 100 km<\/option>\n                                                                            <option value=\"2121\">Bachelor Party Bachelorette Party in Zakopane Extended hotel stay<\/option>\n                                                                            <option value=\"2110\">I will rent and deliver MOBILE jacuzzi, sauna, tub, banya Mobile SPA Podhale<\/option>\n                                                                            <option value=\"2098\">Cottage in the center of Zakopane, high standard, sauna, stream, RELAXATION<\/option>\n                                                                            <option value=\"2072\">Ko\u015bcielisko \u2013 room with mountain view\/accommodation\/cheap<\/option>\n                                                                            <option value=\"2052\">&quot;U Mroszczak\u00f3w&quot; Room rental Gro\u0144 near Bia\u0142ka Tatrza\u0144ska<\/option>\n                                                                            <option value=\"2043\">Room with bathroom and kitchenette 1200m to Krup\u00f3wki<\/option>\n                                                                            <option value=\"2033\">Agrotourism Suche near Poronin - Zakopane<\/option>\n                                                                            <option value=\"1920\">Interior finishing, roof painting, plastering, filler, elevations<\/option>\n                                                                            <option value=\"1911\">Bike rally<\/option>\n                                                                            <option value=\"1799\">Double room upstairs with a view of the forest<\/option>\n                                                                            <option value=\"1434\">Work in Zakopane \u2013 Waitress\/Waiter<\/option>\n                                                                            <option value=\"1431\">Work in Zakopane \u2013 Waitress\/Waiter<\/option>\n                                                                            <option value=\"390\">Restaurant \u201cG\u00f3ralski Smak\u201d \u2013 Taste the Tradition of Zakopane!<\/option>\n                                                                            <option value=\"387\">Highlander Cottage \u201cU Staszka\u201d<\/option>\n                                                                            <option value=\"384\">Apartment &quot;Under Giewont&quot;<\/option>\n                                                                            <option value=\"368\">Apartment for Rent in Zakopane<\/option>\n                                                                    <\/select>\n                            <\/div>\n                        <\/div>\n\n\n                        <div class=\"sort-by-booking-author\">\n                            <div class=\"sort-by-select\">\n                                <select data-placeholder=\"All Users\" class=\"select2-bookings-author\" id=\"booking_author\">\n                                    <option value=\"show_all\">All Users<\/option>\n                                                                    <\/select>\n                            <\/div>\n                        <\/div>\n\n\n                        <!-- Sort by -->\n                        <div class=\"sort-by-status chart-sort-by\">\n                            <div class=\"sort-by-select\">\n                                <select data-placeholder=\"Default order\" class=\"select2-bookings-status\" id=\"listing_status\">\n                                    <option value=\"show_all\">All Statuses<\/option>\n                                    <option value=\"confirmed\">Confirmed<\/option>\n                                    <option value=\"paid\">Paid<\/option>\n                                    <option value=\"waiting\">Pending<\/option>\n                                    <!-- <option value=\"expired\">Expired<\/option> -->\n\n                                <\/select>\n                            <\/div>\n                        <\/div>\n\n\n                                                    <input type=\"hidden\" id=\"listing_status\" value=\"approved\">\n                        \n\n\n\n\n                    <\/div>\n                <\/div>\n\n                <h4>Bookings View <i class=\"fa fa-circle-o-notch fa-spin booking-loading-icon\"><\/i> <\/h4>\n            <\/div>\n            <div id=\"small-dialog\" class=\"zoom-anim-dialog mfp-hide booking-calendar-view-popup\">\n                <div class=\"small-dialog-header\">\n                    <h3>Booking details<\/h3>\n                <\/div>\n                <div class=\"small-dialog-booking-content\">\n                    <ul><\/ul>\n                <\/div>\n            <\/div>\n            <a style=\"display:none;\" class=\"popup-with-zoom-anim\" href=\"#small-dialog\">Open popup<\/a>\n            <div id=\"calendar-wrapper\">\n                <div id='calendar'><\/div>\n                <div id='calendar-legend'>\n                    <h4>Legend<\/h4>\n                  \n                    <ul>\n                        <li class=\"confirmed\">Pending<\/li>\n                        <li class=\"waiting\">Confirmed \/ Waiting for payment<\/li>\n                        <li class=\"paid\">Paid<\/li>\n                        <li class=\"expired\">Expired<\/li>\n                    <\/ul>\n                <\/div>\n            <\/div>\n        <\/div>\n    <\/div>\n<\/div>","protected":false},"excerpt":{"rendered":"","protected":false},"author":1,"featured_media":0,"parent":0,"menu_order":0,"comment_status":"closed","ping_status":"closed","template":"template-dashboard.php","meta":{"_monsterinsights_skip_tracking":false,"_monsterinsights_sitenote_active":false,"_monsterinsights_sitenote_note":"","_monsterinsights_sitenote_category":0,"footnotes":""},"class_list":["post-94","page","type-page","status-publish","hentry"],"_hostinger_reach_plugin_has_subscription_block":false,"_hostinger_reach_plugin_is_elementor":false,"_links":{"self":[{"href":"https:\/\/mojezakopane.com\/en\/wp-json\/wp\/v2\/pages\/94","targetHints":{"allow":["GET"]}}],"collection":[{"href":"https:\/\/mojezakopane.com\/en\/wp-json\/wp\/v2\/pages"}],"about":[{"href":"https:\/\/mojezakopane.com\/en\/wp-json\/wp\/v2\/types\/page"}],"author":[{"embeddable":true,"href":"https:\/\/mojezakopane.com\/en\/wp-json\/wp\/v2\/users\/1"}],"replies":[{"embeddable":true,"href":"https:\/\/mojezakopane.com\/en\/wp-json\/wp\/v2\/comments?post=94"}],"version-history":[{"count":2,"href":"https:\/\/mojezakopane.com\/en\/wp-json\/wp\/v2\/pages\/94\/revisions"}],"predecessor-version":[{"id":1322,"href":"https:\/\/mojezakopane.com\/en\/wp-json\/wp\/v2\/pages\/94\/revisions\/1322"}],"wp:attachment":[{"href":"https:\/\/mojezakopane.com\/en\/wp-json\/wp\/v2\/media?parent=94"}],"curies":[{"name":"wp","href":"https:\/\/api.w.org\/{rel}","templated":true}]}}