{"id":95,"date":"2022-07-26T16:14:45","date_gmt":"2022-07-26T16:14:45","guid":{"rendered":"https:\/\/wordpress-722045-2402992.cloudwaysapps.com\/?page_id=557"},"modified":"2025-03-23T14:35:08","modified_gmt":"2025-03-23T14:35:08","slug":"statystyki","status":"publish","type":"page","link":"https:\/\/mojezakopane.com\/en\/statystyki\/","title":{"rendered":"Statystyki"},"content":{"rendered":"\n        <div class=\"row\">\n            <!-- Listings -->\n            <div class=\"col-lg-12 col-md-12\">\n                <div class=\"dashboard-list-box dashboard-chart-full margin-top-0\">\n                    <div class=\"headline-with-filters\">\n\n\n                        <div class=\" chart-filters\">\n                            <div id=\"chart-date-range\" style=\"display: none;\">\n                                <span><\/span>\n                            <\/div>\n\n                            <div class=\"sort-by\">\n                                <div class=\"sort-by-select\">\n                                    <select data-placeholder=\"Default order\" class=\"select2-bookings\" id=\"listing_id\">\n                                        <option value=\"show_all\">All listings<\/option>\n                                                                                    <option value=\"2234\">Pok\u00f3j 4 osobowy w centrum Chocho\u0142owa<\/option>\n                                                                                    <option value=\"2217\">Rower miejski<\/option>\n                                                                                    <option value=\"2131\">Przedluzanie oraz zageszczanie wlosow z dojazdrm do klientki do 100 km<\/option>\n                                                                                    <option value=\"2121\">Kawalerskie Panie\u0144skie w Zakopanem Wyd\u0142u\u017cona doba hotelowa<\/option>\n                                                                                    <option value=\"2110\">Wynajm\u0119 dowioz\u0119 MOBILNE jacuzzi sauna balia bania Mobilne SPA Podhale<\/option>\n                                                                                    <option value=\"2098\">Domek centrun Zakopanego, wysoki standard, sauna, potok, RELAKS<\/option>\n                                                                                    <option value=\"2072\">Ko\u015bcielisko &#8211; pok\u00f3j z widokiem na g\u00f3ry\/nocleg\/tanio<\/option>\n                                                                                    <option value=\"2052\">&#8222;U Mroszczak\u00f3w&#8221; Wynajem pokoi Gro\u0144 k\/Bia\u0142ka Tatrza\u0144ska<\/option>\n                                                                                    <option value=\"2043\">Pok\u00f3j z \u0142azienk\u0105 i aneksem kuchennym 1200m do Krup\u00f3wek<\/option>\n                                                                                    <option value=\"2033\">Agroturystyka Suche obok Poronina- Zakopane<\/option>\n                                                                                    <option value=\"1920\">Wyko\u0144czenia wn\u0119trz, malowanie dach\u00f3w, g\u0142adzie, szpachlowanie, elewacje<\/option>\n                                                                                    <option value=\"1911\">Rajd rowerowy<\/option>\n                                                                                    <option value=\"1799\">Pok\u00f3j 2-osobowy na pi\u0119trze z widokiem na las<\/option>\n                                                                                    <option value=\"1434\">Praca w Zakopanem \u2013 Kelnerka\/Kelner<\/option>\n                                                                                    <option value=\"1431\">Praca w Zakopanem \u2013 Kelnerka\/Kelner<\/option>\n                                                                                    <option value=\"390\">Restaurant \u201cG\u00f3ralski Smak\u201d \u2013 Taste the Tradition of Zakopane!<\/option>\n                                                                                    <option value=\"387\">Highlander Cottage \u201cU Staszka\u201d<\/option>\n                                                                                    <option value=\"384\">Apartment &#8222;Pod Giewontem&#8221;<\/option>\n                                                                                    <option value=\"368\">Apartment for Rent in Zakopane<\/option>\n                                                                            <\/select>\n                                <\/div>\n                            <\/div>\n                            <div class=\"sort-by-status chart-sort-by\">\n                                <div class=\"sort-by-select\">\n                                                                        <select data-placeholder=\"Visits\" class=\"select2-bookings-status\" id=\"stat_type\">\n                                        <option value=\"visits\">All Visits<\/option>\n                                        <option value=\"unique\">Unique Visits<\/option>\n                                        <option value=\"booking_click\">Booking form clicks<\/option>                                         <option value=\"contact_click\">Contact form clicks<\/option>                                    <\/select>\n                                <\/div>\n                            <\/div>\n                        <\/div>\n\n                        <h4>Listings Analytics <i class=\"fa fa-circle-o-notch fa-spin booking-loading-icon\"><\/i> <\/h4>\n                    <\/div>\n                    <div class=\"content chart-box-content\">\n                        <!-- Chart -->\n\n                        <div class=\" chart chart-container\">\n                            <canvas id=\"chart\" width=\"100\" height=\"45\"><\/canvas>\n                        <\/div>\n                    <\/div>\n                    <script type=\"text\/javascript\">\n                        jQuery(document).ready(function($) {\n                            \/\/Chart.defaults.global.defaultFontFamily = \"Nunito\";\n                            Chart.defaults.global.defaultFontColor = '#888';\n                            Chart.defaults.global.defaultFontSize = '14';\n                            var ctx = document.getElementById('chart').getContext('2d');\n\n                            window.chart = new Chart(ctx, {\n                                type: 'line',\n                                \/\/ The data for our dataset\n                                data: {\n                                    labels: [\"April 4, 2026\",\"April 5, 2026\",\"April 6, 2026\",\"April 7, 2026\",\"April 8, 2026\",\"April 9, 2026\",\"April 10, 2026\"],\n                                    \/\/ Information about the dataset\n                                    datasets: [\n                                         {\n                                                label: '#390 Restaurant \u201cG\u00f3ralski Smak\u201d \u2013 Taste the Tradition of Zakopane!',\n                                                backgroundColor: 'rgba(46, 204, 113,0.08)',\n                                                borderColor: 'rgba(46, 204, 113,1)',\n                                                borderWidth: \"3\",\n                                                data: [0,0,0,\"1\",\"1\",0,0],\n                                                pointRadius: 5,\n                                                pointHoverRadius: 5,\n                                                pointHitRadius: 10,\n                                                pointBackgroundColor: \"#fff\",\n                                                pointHoverBackgroundColor: \"#fff\",\n                                                pointBorderWidth: \"2\",\n                                            },\n\n                                                                            ],\n                                },\n\n                                \/\/ Configuration options\n                                options: {\n\n                                    layout: {\n                                        padding: 10,\n                                    },\n\n                                    legend: {\n                                        display: false\n                                    },\n                                    title: {\n                                        display: false\n                                    },\n\n                                    scales: {\n                                        yAxes: [{\n                                            scaleLabel: {\n                                                display: false\n                                            },\n                                            gridLines: {\n                                                borderDash: [6, 10],\n                                                color: \"#d8d8d8\",\n                                                lineWidth: 1,\n                                            },\n                                            min: 0,\n                                            ticks: {\n\n                                                suggestedMin: 0\n                                            }\n\n                                        }],\n                                        xAxes: [{\n                                            scaleLabel: {\n                                                display: false\n                                            },\n                                            gridLines: {\n                                                display: false\n                                            },\n                                            min: 0,\n                                            ticks: {\n\n                                                suggestedMin: 0\n                                            }\n                                        }],\n\n                                    },\n\n                                    tooltips: {\n                                        backgroundColor: '#333',\n                                        titleFontSize: 13,\n                                        titleFontColor: '#fff',\n                                        bodyFontColor: '#fff',\n                                        bodyFontSize: 13,\n                                        displayColors: false,\n                                        xPadding: 10,\n                                        yPadding: 10,\n                                        intersect: false\n                                    }\n                                },\n\n\n                            })\n\n\n                        });\n                    <\/script>\n                <\/div>\n            <\/div>\n        <\/div>\n\n\n","protected":false},"excerpt":{"rendered":"","protected":false},"author":1,"featured_media":0,"parent":0,"menu_order":0,"comment_status":"closed","ping_status":"closed","template":"template-dashboard.php","meta":{"_monsterinsights_skip_tracking":false,"_monsterinsights_sitenote_active":false,"_monsterinsights_sitenote_note":"","_monsterinsights_sitenote_category":0,"footnotes":""},"class_list":["post-95","page","type-page","status-publish","hentry"],"_hostinger_reach_plugin_has_subscription_block":false,"_hostinger_reach_plugin_is_elementor":false,"_links":{"self":[{"href":"https:\/\/mojezakopane.com\/en\/wp-json\/wp\/v2\/pages\/95","targetHints":{"allow":["GET"]}}],"collection":[{"href":"https:\/\/mojezakopane.com\/en\/wp-json\/wp\/v2\/pages"}],"about":[{"href":"https:\/\/mojezakopane.com\/en\/wp-json\/wp\/v2\/types\/page"}],"author":[{"embeddable":true,"href":"https:\/\/mojezakopane.com\/en\/wp-json\/wp\/v2\/users\/1"}],"replies":[{"embeddable":true,"href":"https:\/\/mojezakopane.com\/en\/wp-json\/wp\/v2\/comments?post=95"}],"version-history":[{"count":1,"href":"https:\/\/mojezakopane.com\/en\/wp-json\/wp\/v2\/pages\/95\/revisions"}],"predecessor-version":[{"id":1326,"href":"https:\/\/mojezakopane.com\/en\/wp-json\/wp\/v2\/pages\/95\/revisions\/1326"}],"wp:attachment":[{"href":"https:\/\/mojezakopane.com\/en\/wp-json\/wp\/v2\/media?parent=95"}],"curies":[{"name":"wp","href":"https:\/\/api.w.org\/{rel}","templated":true}]}}