{"id":2233,"date":"2025-09-03T13:49:24","date_gmt":"2025-09-03T13:49:24","guid":{"rendered":"https:\/\/mojezakopane.com\/produkty\/pokoj-4-osobowy-w-centrum-chocholowa\/"},"modified":"2025-09-03T13:49:24","modified_gmt":"2025-09-03T13:49:24","slug":"pokoj-4-osobowy-w-centrum-chocholowa","status":"publish","type":"product","link":"https:\/\/mojezakopane.com\/en\/produkty\/pokoj-4-osobowy-w-centrum-chocholowa\/","title":{"rendered":"Pok\u00f3j 4 osobowy w centrum Chocho\u0142owa"},"content":{"rendered":"<p>Pok\u00f3j 4 osobowy , zadbany<\/p>","protected":false},"excerpt":{"rendered":"<p>Pok\u00f3j 4 osobowy , zadbany<\/p>","protected":false},"featured_media":0,"comment_status":"open","ping_status":"closed","template":"","meta":{"_monsterinsights_skip_tracking":false,"_monsterinsights_sitenote_active":false,"_monsterinsights_sitenote_note":"","_monsterinsights_sitenote_category":0},"product_brand":[],"product_cat":[561],"product_tag":[],"class_list":{"0":"post-2233","1":"product","2":"type-product","3":"status-publish","5":"product_cat-listeo-booking","7":"first","8":"instock","9":"virtual","10":"sold-individually","11":"purchasable","12":"product-type-listing_booking"},"_links":{"self":[{"href":"https:\/\/mojezakopane.com\/en\/wp-json\/wp\/v2\/product\/2233","targetHints":{"allow":["GET"]}}],"collection":[{"href":"https:\/\/mojezakopane.com\/en\/wp-json\/wp\/v2\/product"}],"about":[{"href":"https:\/\/mojezakopane.com\/en\/wp-json\/wp\/v2\/types\/product"}],"replies":[{"embeddable":true,"href":"https:\/\/mojezakopane.com\/en\/wp-json\/wp\/v2\/comments?post=2233"}],"version-history":[{"count":0,"href":"https:\/\/mojezakopane.com\/en\/wp-json\/wp\/v2\/product\/2233\/revisions"}],"wp:attachment":[{"href":"https:\/\/mojezakopane.com\/en\/wp-json\/wp\/v2\/media?parent=2233"}],"wp:term":[{"taxonomy":"product_brand","embeddable":true,"href":"https:\/\/mojezakopane.com\/en\/wp-json\/wp\/v2\/product_brand?post=2233"},{"taxonomy":"product_cat","embeddable":true,"href":"https:\/\/mojezakopane.com\/en\/wp-json\/wp\/v2\/product_cat?post=2233"},{"taxonomy":"product_tag","embeddable":true,"href":"https:\/\/mojezakopane.com\/en\/wp-json\/wp\/v2\/product_tag?post=2233"}],"curies":[{"name":"wp","href":"https:\/\/api.w.org\/{rel}","templated":true}]}}